{"id":564,"date":"2018-07-07T09:44:47","date_gmt":"2018-07-07T07:44:47","guid":{"rendered":"https:\/\/www.siba.nl\/autobanden-recyclen\/"},"modified":"2018-09-22T10:10:54","modified_gmt":"2018-09-22T08:10:54","slug":"recyclage-de-pneus-de-voiture","status":"publish","type":"page","link":"https:\/\/www.siba.nl\/fr\/recyclage-de-pneus-de-voiture\/","title":{"rendered":"<span>Recyclage<\/span> de pneus de voiture"},"content":{"rendered":"<p>Un pneu usag\u00e9 non r\u00e9utilisable (PUNR) ne peut plus assurer la mobilit\u00e9 d&rsquo;un v\u00e9hicule, n&rsquo;a pas de valeur commerciale et est rejet\u00e9 comme un d\u00e9chet.<\/p>\n<blockquote><p> Siba Recycling se consacre au traitement et \u00e0 l&rsquo;\u00e9limination raisonn\u00e9s des PUNR.<\/p><\/blockquote>\n<h2>Siba Recycling<\/h2>\n<p><img loading=\"lazy\" decoding=\"async\" class=\"alignright size-thumbnail wp-image-127\" src=\"https:\/\/www.siba.nl\/wp-content\/uploads\/2018\/07\/P1010325-150x150.jpg\" alt=\"\" width=\"150\" height=\"150\" \/>A Uden, Siba est en mesure de d\u00e9chiqueter le pneu enti\u00e8rement en broyats. Une partie des broyats obtenus fait alors l&rsquo;objet d&rsquo;une s\u00e9paration acier et copeaux (petits morceaux de caoutchouc avec de la toile de lin). Broyats et copeaux sont livr\u00e9s \u00e0 l\u2019industrie de la granulation, qui les revalorise sous la forme de nouvelles mati\u00e8res premi\u00e8res.<\/p>\n<p>Un pneu de voiture renferme trois mati\u00e8res premi\u00e8res qui sont s\u00e9par\u00e9es \u00e0 la granulation\u00a0:<\/p>\n<ul>\n<li>granulats (granul\u00e9s de caoutchouc finement moulus)<\/li>\n<li>acier<\/li>\n<li>lin<\/li>\n<\/ul>\n<p>Les <strong>granulats<\/strong> sont utilis\u00e9s notamment pour la fabrication de tapis de jeu, de sols de sport et d\u2019\u00e9quipements de jeu et dans les fondations routi\u00e8res. <strong>L&rsquo;acier<\/strong> est nettoy\u00e9 et r\u00e9utilis\u00e9 comme mati\u00e8re premi\u00e8re. Le <strong>lin<\/strong> est une mati\u00e8re premi\u00e8re qui convient, entre autres, \u00e0 l&rsquo;incin\u00e9ration.<\/p>\n<p>Ce traitement durable fait que le pneu us\u00e9 est enti\u00e8rement recycl\u00e9 et utilis\u00e9 pour de nouveaux produits, et n&rsquo;aboutit pas dans l&rsquo;environnement. <strong>Il s&rsquo;agit donc d&rsquo;un traitement 100% \u00e9cologique<\/strong>.<\/p>\n<h2>Apport de collecteurs externes<\/h2>\n<p>Des collecteurs externes peuvent livrer des pneus usag\u00e9s non r\u00e9utilisables (PUNR) chez Siba. Nous nous occupons de la poursuite du traitement de ces PUNR et nous vous remettons, \u00e0 vous en tant que collecteur, l&rsquo;attestation de traitement durable les concernant. Etes-vous int\u00e9ress\u00e9 ? Nous vous invitons \u00e0 prendre <a href=\"https:\/\/www.siba.nl\/fr\/contact\/\">contact<\/a> avec nous au sujet des possibilit\u00e9s.<\/p>\n<h2>Vente de PUNR et de broyats<\/h2>\n<p>Outre l\u2019industrie de la granulation, il existe de nombreux march\u00e9s demandeurs de pneus usag\u00e9s ou de broyats. Siba est toujours \u00e0 la recherche de parties qui veulent des PUNR ou des broyats. \u00cates-vous int\u00e9ress\u00e9\u00a0? Prenez donc\u00a0<a href=\"https:\/\/www.siba.nl\/fr\/contact\/\">contact<\/a>\u00a0avec Siba.<\/p>\n<p><img loading=\"lazy\" decoding=\"async\" class=\"alignnone size-large wp-image-181\" src=\"https:\/\/www.siba.nl\/wp-content\/uploads\/2018\/08\/P1010326-1024x768.jpg\" alt=\"\" width=\"1024\" height=\"768\" srcset=\"https:\/\/www.siba.nl\/wp-content\/uploads\/2018\/08\/P1010326-1024x768.jpg 1024w, https:\/\/www.siba.nl\/wp-content\/uploads\/2018\/08\/P1010326-1919x1439.jpg 1919w, https:\/\/www.siba.nl\/wp-content\/uploads\/2018\/08\/P1010326-300x225.jpg 300w, https:\/\/www.siba.nl\/wp-content\/uploads\/2018\/08\/P1010326-768x576.jpg 768w\" sizes=\"auto, (max-width: 1024px) 100vw, 1024px\" \/><\/p>\n","protected":false},"excerpt":{"rendered":"<p>Un pneu usag\u00e9 non r\u00e9utilisable (PUNR) ne peut plus assurer la mobilit\u00e9 d&rsquo;un v\u00e9hicule, n&rsquo;a pas de valeur commerciale et est rejet\u00e9 comme un d\u00e9chet. Siba Recycling se consacre au traitement et \u00e0 l&rsquo;\u00e9limination raisonn\u00e9s des PUNR. Siba Recycling A Uden, Siba est en mesure de d\u00e9chiqueter le pneu enti\u00e8rement en broyats. Une partie des [&hellip;]<\/p>\n","protected":false},"author":1,"featured_media":0,"parent":0,"menu_order":3,"comment_status":"closed","ping_status":"closed","template":"","meta":{"_acf_changed":false,"footnotes":""},"class_list":["post-564","page","type-page","status-publish","hentry"],"acf":[],"yoast_head":"<!-- This site is optimized with the Yoast SEO plugin v26.5 - https:\/\/yoast.com\/wordpress\/plugins\/seo\/ -->\n<title>Recyclage de pneus de voiture - Siba Autobanden<\/title>\n<meta name=\"robots\" content=\"index, follow, max-snippet:-1, max-image-preview:large, max-video-preview:-1\" \/>\n<link rel=\"canonical\" href=\"https:\/\/www.siba.nl\/fr\/recyclage-de-pneus-de-voiture\/\" \/>\n<meta property=\"og:locale\" content=\"fr_FR\" \/>\n<meta property=\"og:type\" content=\"article\" \/>\n<meta property=\"og:title\" content=\"Recyclage de pneus de voiture - Siba Autobanden\" \/>\n<meta property=\"og:description\" content=\"Un pneu usag\u00e9 non r\u00e9utilisable (PUNR) ne peut plus assurer la mobilit\u00e9 d&rsquo;un v\u00e9hicule, n&rsquo;a pas de valeur commerciale et est rejet\u00e9 comme un d\u00e9chet. Siba Recycling se consacre au traitement et \u00e0 l&rsquo;\u00e9limination raisonn\u00e9s des PUNR. Siba Recycling A Uden, Siba est en mesure de d\u00e9chiqueter le pneu enti\u00e8rement en broyats. Une partie des [&hellip;]\" \/>\n<meta property=\"og:url\" content=\"https:\/\/www.siba.nl\/fr\/recyclage-de-pneus-de-voiture\/\" \/>\n<meta property=\"og:site_name\" content=\"Siba Autobanden\" \/>\n<meta property=\"article:modified_time\" content=\"2018-09-22T08:10:54+00:00\" \/>\n<meta property=\"og:image\" content=\"https:\/\/www.siba.nl\/wp-content\/uploads\/2018\/07\/P1010325-150x150.jpg\" \/>\n<meta name=\"twitter:card\" content=\"summary_large_image\" \/>\n<meta name=\"twitter:label1\" content=\"Dur\u00e9e de lecture estim\u00e9e\" \/>\n\t<meta name=\"twitter:data1\" content=\"2 minutes\" \/>\n<script type=\"application\/ld+json\" class=\"yoast-schema-graph\">{\"@context\":\"https:\/\/schema.org\",\"@graph\":[{\"@type\":\"WebPage\",\"@id\":\"https:\/\/www.siba.nl\/fr\/recyclage-de-pneus-de-voiture\/\",\"url\":\"https:\/\/www.siba.nl\/fr\/recyclage-de-pneus-de-voiture\/\",\"name\":\"Recyclage de pneus de voiture - Siba Autobanden\",\"isPartOf\":{\"@id\":\"https:\/\/www.siba.nl\/fr\/#website\"},\"primaryImageOfPage\":{\"@id\":\"https:\/\/www.siba.nl\/fr\/recyclage-de-pneus-de-voiture\/#primaryimage\"},\"image\":{\"@id\":\"https:\/\/www.siba.nl\/fr\/recyclage-de-pneus-de-voiture\/#primaryimage\"},\"thumbnailUrl\":\"https:\/\/www.siba.nl\/wp-content\/uploads\/2018\/07\/P1010325-150x150.jpg\",\"datePublished\":\"2018-07-07T07:44:47+00:00\",\"dateModified\":\"2018-09-22T08:10:54+00:00\",\"breadcrumb\":{\"@id\":\"https:\/\/www.siba.nl\/fr\/recyclage-de-pneus-de-voiture\/#breadcrumb\"},\"inLanguage\":\"fr-FR\",\"potentialAction\":[{\"@type\":\"ReadAction\",\"target\":[\"https:\/\/www.siba.nl\/fr\/recyclage-de-pneus-de-voiture\/\"]}]},{\"@type\":\"ImageObject\",\"inLanguage\":\"fr-FR\",\"@id\":\"https:\/\/www.siba.nl\/fr\/recyclage-de-pneus-de-voiture\/#primaryimage\",\"url\":\"https:\/\/www.siba.nl\/wp-content\/uploads\/2018\/07\/P1010325-150x150.jpg\",\"contentUrl\":\"https:\/\/www.siba.nl\/wp-content\/uploads\/2018\/07\/P1010325-150x150.jpg\"},{\"@type\":\"BreadcrumbList\",\"@id\":\"https:\/\/www.siba.nl\/fr\/recyclage-de-pneus-de-voiture\/#breadcrumb\",\"itemListElement\":[{\"@type\":\"ListItem\",\"position\":1,\"name\":\"Home\",\"item\":\"https:\/\/www.siba.nl\/fr\/\"},{\"@type\":\"ListItem\",\"position\":2,\"name\":\"Recyclage de pneus de voiture\"}]},{\"@type\":\"WebSite\",\"@id\":\"https:\/\/www.siba.nl\/fr\/#website\",\"url\":\"https:\/\/www.siba.nl\/fr\/\",\"name\":\"Siba Autobanden\",\"description\":\"\",\"potentialAction\":[{\"@type\":\"SearchAction\",\"target\":{\"@type\":\"EntryPoint\",\"urlTemplate\":\"https:\/\/www.siba.nl\/fr\/?s={search_term_string}\"},\"query-input\":{\"@type\":\"PropertyValueSpecification\",\"valueRequired\":true,\"valueName\":\"search_term_string\"}}],\"inLanguage\":\"fr-FR\"}]}<\/script>\n<!-- \/ Yoast SEO plugin. -->","yoast_head_json":{"title":"Recyclage de pneus de voiture - Siba Autobanden","robots":{"index":"index","follow":"follow","max-snippet":"max-snippet:-1","max-image-preview":"max-image-preview:large","max-video-preview":"max-video-preview:-1"},"canonical":"https:\/\/www.siba.nl\/fr\/recyclage-de-pneus-de-voiture\/","og_locale":"fr_FR","og_type":"article","og_title":"Recyclage de pneus de voiture - Siba Autobanden","og_description":"Un pneu usag\u00e9 non r\u00e9utilisable (PUNR) ne peut plus assurer la mobilit\u00e9 d&rsquo;un v\u00e9hicule, n&rsquo;a pas de valeur commerciale et est rejet\u00e9 comme un d\u00e9chet. Siba Recycling se consacre au traitement et \u00e0 l&rsquo;\u00e9limination raisonn\u00e9s des PUNR. Siba Recycling A Uden, Siba est en mesure de d\u00e9chiqueter le pneu enti\u00e8rement en broyats. Une partie des [&hellip;]","og_url":"https:\/\/www.siba.nl\/fr\/recyclage-de-pneus-de-voiture\/","og_site_name":"Siba Autobanden","article_modified_time":"2018-09-22T08:10:54+00:00","og_image":[{"url":"https:\/\/www.siba.nl\/wp-content\/uploads\/2018\/07\/P1010325-150x150.jpg","type":"","width":"","height":""}],"twitter_card":"summary_large_image","twitter_misc":{"Dur\u00e9e de lecture estim\u00e9e":"2 minutes"},"schema":{"@context":"https:\/\/schema.org","@graph":[{"@type":"WebPage","@id":"https:\/\/www.siba.nl\/fr\/recyclage-de-pneus-de-voiture\/","url":"https:\/\/www.siba.nl\/fr\/recyclage-de-pneus-de-voiture\/","name":"Recyclage de pneus de voiture - Siba Autobanden","isPartOf":{"@id":"https:\/\/www.siba.nl\/fr\/#website"},"primaryImageOfPage":{"@id":"https:\/\/www.siba.nl\/fr\/recyclage-de-pneus-de-voiture\/#primaryimage"},"image":{"@id":"https:\/\/www.siba.nl\/fr\/recyclage-de-pneus-de-voiture\/#primaryimage"},"thumbnailUrl":"https:\/\/www.siba.nl\/wp-content\/uploads\/2018\/07\/P1010325-150x150.jpg","datePublished":"2018-07-07T07:44:47+00:00","dateModified":"2018-09-22T08:10:54+00:00","breadcrumb":{"@id":"https:\/\/www.siba.nl\/fr\/recyclage-de-pneus-de-voiture\/#breadcrumb"},"inLanguage":"fr-FR","potentialAction":[{"@type":"ReadAction","target":["https:\/\/www.siba.nl\/fr\/recyclage-de-pneus-de-voiture\/"]}]},{"@type":"ImageObject","inLanguage":"fr-FR","@id":"https:\/\/www.siba.nl\/fr\/recyclage-de-pneus-de-voiture\/#primaryimage","url":"https:\/\/www.siba.nl\/wp-content\/uploads\/2018\/07\/P1010325-150x150.jpg","contentUrl":"https:\/\/www.siba.nl\/wp-content\/uploads\/2018\/07\/P1010325-150x150.jpg"},{"@type":"BreadcrumbList","@id":"https:\/\/www.siba.nl\/fr\/recyclage-de-pneus-de-voiture\/#breadcrumb","itemListElement":[{"@type":"ListItem","position":1,"name":"Home","item":"https:\/\/www.siba.nl\/fr\/"},{"@type":"ListItem","position":2,"name":"Recyclage de pneus de voiture"}]},{"@type":"WebSite","@id":"https:\/\/www.siba.nl\/fr\/#website","url":"https:\/\/www.siba.nl\/fr\/","name":"Siba Autobanden","description":"","potentialAction":[{"@type":"SearchAction","target":{"@type":"EntryPoint","urlTemplate":"https:\/\/www.siba.nl\/fr\/?s={search_term_string}"},"query-input":{"@type":"PropertyValueSpecification","valueRequired":true,"valueName":"search_term_string"}}],"inLanguage":"fr-FR"}]}},"_links":{"self":[{"href":"https:\/\/www.siba.nl\/fr\/wp-json\/wp\/v2\/pages\/564","targetHints":{"allow":["GET"]}}],"collection":[{"href":"https:\/\/www.siba.nl\/fr\/wp-json\/wp\/v2\/pages"}],"about":[{"href":"https:\/\/www.siba.nl\/fr\/wp-json\/wp\/v2\/types\/page"}],"author":[{"embeddable":true,"href":"https:\/\/www.siba.nl\/fr\/wp-json\/wp\/v2\/users\/1"}],"replies":[{"embeddable":true,"href":"https:\/\/www.siba.nl\/fr\/wp-json\/wp\/v2\/comments?post=564"}],"version-history":[{"count":2,"href":"https:\/\/www.siba.nl\/fr\/wp-json\/wp\/v2\/pages\/564\/revisions"}],"predecessor-version":[{"id":569,"href":"https:\/\/www.siba.nl\/fr\/wp-json\/wp\/v2\/pages\/564\/revisions\/569"}],"wp:attachment":[{"href":"https:\/\/www.siba.nl\/fr\/wp-json\/wp\/v2\/media?parent=564"}],"curies":[{"name":"wp","href":"https:\/\/api.w.org\/{rel}","templated":true}]}}