{"id":557,"date":"2018-07-07T09:43:46","date_gmt":"2018-07-07T09:43:46","guid":{"rendered":"https:\/\/www.siba.nl\/autobanden-exporteren\/"},"modified":"2022-12-12T21:01:50","modified_gmt":"2022-12-12T20:01:50","slug":"exportation-de-pneus-automobiles-usages","status":"publish","type":"page","link":"https:\/\/www.siba.nl\/fr\/exportation-de-pneus-automobiles-usages\/","title":{"rendered":"<span>Exportation<\/span> de\u00a0pneus automobiles usag\u00e9s"},"content":{"rendered":"<p>Siba trie tous les pneus collect\u00e9s, apr\u00e8s quoi ses inspecteurs experts examinent lesquels peuvent \u00eatre r\u00e9utilis\u00e9s dans le monde entier. Les normes \u00e9lev\u00e9es de Siba et son contr\u00f4le professionnel de la qualit\u00e9 constituent la base de la confiance dont jouit l&rsquo;entreprise jusque bien au-del\u00e0 des fronti\u00e8res.<\/p>\n<h2>Vente de pneus usag\u00e9s r\u00e9utilisablers (PUR)<\/h2>\n<p>Les pneus approuv\u00e9s sont stock\u00e9s dans notre entrep\u00f4t et pr\u00e9par\u00e9s pour le transport. Les pneus sont imbriqu\u00e9s les uns dans les autres en caissons, comprim\u00e9s au moyen d&rsquo;un syst\u00e8me compacteur et charg\u00e9s en conteneur.<\/p>\n<blockquote><p>Gr\u00e2ce \u00e0 notre syst\u00e8me unique, nous pouvons charger dans un conteneur maritime presque deux fois plus de pneus qu&rsquo;avec un mode de chargement standard.<\/p><\/blockquote>\n<p><img loading=\"lazy\" decoding=\"async\" class=\"alignnone size-large wp-image-189\" src=\"https:\/\/www.siba.nl\/wp-content\/uploads\/2018\/08\/P1010378-1024x768.jpg\" alt=\"\" width=\"1024\" height=\"768\" srcset=\"https:\/\/www.siba.nl\/wp-content\/uploads\/2018\/08\/P1010378-1024x768.jpg 1024w, https:\/\/www.siba.nl\/wp-content\/uploads\/2018\/08\/P1010378-1919x1439.jpg 1919w, https:\/\/www.siba.nl\/wp-content\/uploads\/2018\/08\/P1010378-300x225.jpg 300w, https:\/\/www.siba.nl\/wp-content\/uploads\/2018\/08\/P1010378-768x576.jpg 768w\" sizes=\"auto, (max-width: 1024px) 100vw, 1024px\" \/><\/p>\n<p>Les pneus usag\u00e9s sont principalement vendus \u00e0\u00a0:<\/p>\n<ul>\n<li> <strong>March\u00e9 du rechapage<\/strong>\u00a0: les pneus s\u00e9lectionn\u00e9s pour ce traitement sont dot\u00e9s d&rsquo;une nouvelle bande de roulement et vendus comme pneus rechap\u00e9s\u00a0; <\/li>\n<li><strong>March\u00e9 des profil\u00e9s<\/strong>\u00a0: ce sont les pneus pour voitures particuli\u00e8res et v\u00e9hicules utilitaires \u00e0 partir de 1,6 mm de profondeur de sculpture.<\/li>\n<\/ul>\n<h3>Souhaitez-vous acheter un lot de pneus ?<\/h3>\n<p>Nous sommes actuellement sur un arr\u00eat client. Si cela ne s&rsquo;applique plus, nous vous en informerons via ce site.<\/p>\n<h3>Exportation dans le monde entier<\/h3>\n<p>La plupart des ventes de pneus de Siba ont lieu \u00e0 l&rsquo;exportation, \u00e0 destination du monde entier. La responsabilit\u00e9 du transport incombe toujours \u00e0 l&rsquo;acheteur, mais si vous le souhaitez, Siba peut tr\u00e8s bien vous aider \u00e0 cet \u00e9gard.<\/p>\n<p><em>Toutes nos transactions sont r\u00e9gies par les <a href=\"https:\/\/www.siba.nl\/wp-content\/uploads\/2018\/09\/Algemene_voorwaarden_zakelijke_markt_Franstalig.pdf\" target=\"_blank\" rel=\"noopener\">conditions g\u00e9n\u00e9rales<\/a> de l&rsquo;association sectorielle VACO.<\/em><\/p>\n","protected":false},"excerpt":{"rendered":"<p>Siba trie tous les pneus collect\u00e9s, apr\u00e8s quoi ses inspecteurs experts examinent lesquels peuvent \u00eatre r\u00e9utilis\u00e9s dans le monde entier. Les normes \u00e9lev\u00e9es de Siba et son contr\u00f4le professionnel de la qualit\u00e9 constituent la base de la confiance dont jouit l&rsquo;entreprise jusque bien au-del\u00e0 des fronti\u00e8res. Vente de pneus usag\u00e9s r\u00e9utilisablers (PUR) Les pneus approuv\u00e9s [&hellip;]<\/p>\n","protected":false},"author":1,"featured_media":0,"parent":0,"menu_order":2,"comment_status":"closed","ping_status":"closed","template":"","meta":{"_acf_changed":false,"footnotes":""},"class_list":["post-557","page","type-page","status-publish","hentry"],"acf":[],"yoast_head":"<!-- This site is optimized with the Yoast SEO plugin v26.5 - https:\/\/yoast.com\/wordpress\/plugins\/seo\/ -->\n<title>Exportation de\u00a0pneus automobiles usag\u00e9s - Siba Autobanden<\/title>\n<meta name=\"robots\" content=\"index, follow, max-snippet:-1, max-image-preview:large, max-video-preview:-1\" \/>\n<link rel=\"canonical\" href=\"https:\/\/www.siba.nl\/fr\/exportation-de-pneus-automobiles-usages\/\" \/>\n<meta property=\"og:locale\" content=\"fr_FR\" \/>\n<meta property=\"og:type\" content=\"article\" \/>\n<meta property=\"og:title\" content=\"Exportation de\u00a0pneus automobiles usag\u00e9s - Siba Autobanden\" \/>\n<meta property=\"og:description\" content=\"Siba trie tous les pneus collect\u00e9s, apr\u00e8s quoi ses inspecteurs experts examinent lesquels peuvent \u00eatre r\u00e9utilis\u00e9s dans le monde entier. Les normes \u00e9lev\u00e9es de Siba et son contr\u00f4le professionnel de la qualit\u00e9 constituent la base de la confiance dont jouit l&rsquo;entreprise jusque bien au-del\u00e0 des fronti\u00e8res. Vente de pneus usag\u00e9s r\u00e9utilisablers (PUR) Les pneus approuv\u00e9s [&hellip;]\" \/>\n<meta property=\"og:url\" content=\"https:\/\/www.siba.nl\/fr\/exportation-de-pneus-automobiles-usages\/\" \/>\n<meta property=\"og:site_name\" content=\"Siba Autobanden\" \/>\n<meta property=\"article:modified_time\" content=\"2022-12-12T20:01:50+00:00\" \/>\n<meta property=\"og:image\" content=\"https:\/\/www.siba.nl\/wp-content\/uploads\/2018\/08\/P1010378-1024x768.jpg\" \/>\n<meta name=\"twitter:card\" content=\"summary_large_image\" \/>\n<meta name=\"twitter:label1\" content=\"Dur\u00e9e de lecture estim\u00e9e\" \/>\n\t<meta name=\"twitter:data1\" content=\"3 minutes\" \/>\n<script type=\"application\/ld+json\" class=\"yoast-schema-graph\">{\"@context\":\"https:\/\/schema.org\",\"@graph\":[{\"@type\":\"WebPage\",\"@id\":\"https:\/\/www.siba.nl\/fr\/exportation-de-pneus-automobiles-usages\/\",\"url\":\"https:\/\/www.siba.nl\/fr\/exportation-de-pneus-automobiles-usages\/\",\"name\":\"Exportation de\u00a0pneus automobiles usag\u00e9s - Siba Autobanden\",\"isPartOf\":{\"@id\":\"https:\/\/www.siba.nl\/fr\/#website\"},\"primaryImageOfPage\":{\"@id\":\"https:\/\/www.siba.nl\/fr\/exportation-de-pneus-automobiles-usages\/#primaryimage\"},\"image\":{\"@id\":\"https:\/\/www.siba.nl\/fr\/exportation-de-pneus-automobiles-usages\/#primaryimage\"},\"thumbnailUrl\":\"https:\/\/www.siba.nl\/wp-content\/uploads\/2018\/08\/P1010378-1024x768.jpg\",\"datePublished\":\"2018-07-07T09:43:46+00:00\",\"dateModified\":\"2022-12-12T20:01:50+00:00\",\"breadcrumb\":{\"@id\":\"https:\/\/www.siba.nl\/fr\/exportation-de-pneus-automobiles-usages\/#breadcrumb\"},\"inLanguage\":\"fr-FR\",\"potentialAction\":[{\"@type\":\"ReadAction\",\"target\":[\"https:\/\/www.siba.nl\/fr\/exportation-de-pneus-automobiles-usages\/\"]}]},{\"@type\":\"ImageObject\",\"inLanguage\":\"fr-FR\",\"@id\":\"https:\/\/www.siba.nl\/fr\/exportation-de-pneus-automobiles-usages\/#primaryimage\",\"url\":\"https:\/\/www.siba.nl\/wp-content\/uploads\/2018\/08\/P1010378-1024x768.jpg\",\"contentUrl\":\"https:\/\/www.siba.nl\/wp-content\/uploads\/2018\/08\/P1010378-1024x768.jpg\"},{\"@type\":\"BreadcrumbList\",\"@id\":\"https:\/\/www.siba.nl\/fr\/exportation-de-pneus-automobiles-usages\/#breadcrumb\",\"itemListElement\":[{\"@type\":\"ListItem\",\"position\":1,\"name\":\"Home\",\"item\":\"https:\/\/www.siba.nl\/fr\/\"},{\"@type\":\"ListItem\",\"position\":2,\"name\":\"Exportation de\u00a0pneus automobiles usag\u00e9s\"}]},{\"@type\":\"WebSite\",\"@id\":\"https:\/\/www.siba.nl\/fr\/#website\",\"url\":\"https:\/\/www.siba.nl\/fr\/\",\"name\":\"Siba Autobanden\",\"description\":\"\",\"potentialAction\":[{\"@type\":\"SearchAction\",\"target\":{\"@type\":\"EntryPoint\",\"urlTemplate\":\"https:\/\/www.siba.nl\/fr\/?s={search_term_string}\"},\"query-input\":{\"@type\":\"PropertyValueSpecification\",\"valueRequired\":true,\"valueName\":\"search_term_string\"}}],\"inLanguage\":\"fr-FR\"}]}<\/script>\n<!-- \/ Yoast SEO plugin. -->","yoast_head_json":{"title":"Exportation de\u00a0pneus automobiles usag\u00e9s - Siba Autobanden","robots":{"index":"index","follow":"follow","max-snippet":"max-snippet:-1","max-image-preview":"max-image-preview:large","max-video-preview":"max-video-preview:-1"},"canonical":"https:\/\/www.siba.nl\/fr\/exportation-de-pneus-automobiles-usages\/","og_locale":"fr_FR","og_type":"article","og_title":"Exportation de\u00a0pneus automobiles usag\u00e9s - Siba Autobanden","og_description":"Siba trie tous les pneus collect\u00e9s, apr\u00e8s quoi ses inspecteurs experts examinent lesquels peuvent \u00eatre r\u00e9utilis\u00e9s dans le monde entier. Les normes \u00e9lev\u00e9es de Siba et son contr\u00f4le professionnel de la qualit\u00e9 constituent la base de la confiance dont jouit l&rsquo;entreprise jusque bien au-del\u00e0 des fronti\u00e8res. Vente de pneus usag\u00e9s r\u00e9utilisablers (PUR) Les pneus approuv\u00e9s [&hellip;]","og_url":"https:\/\/www.siba.nl\/fr\/exportation-de-pneus-automobiles-usages\/","og_site_name":"Siba Autobanden","article_modified_time":"2022-12-12T20:01:50+00:00","og_image":[{"url":"https:\/\/www.siba.nl\/wp-content\/uploads\/2018\/08\/P1010378-1024x768.jpg","type":"","width":"","height":""}],"twitter_card":"summary_large_image","twitter_misc":{"Dur\u00e9e de lecture estim\u00e9e":"3 minutes"},"schema":{"@context":"https:\/\/schema.org","@graph":[{"@type":"WebPage","@id":"https:\/\/www.siba.nl\/fr\/exportation-de-pneus-automobiles-usages\/","url":"https:\/\/www.siba.nl\/fr\/exportation-de-pneus-automobiles-usages\/","name":"Exportation de\u00a0pneus automobiles usag\u00e9s - Siba Autobanden","isPartOf":{"@id":"https:\/\/www.siba.nl\/fr\/#website"},"primaryImageOfPage":{"@id":"https:\/\/www.siba.nl\/fr\/exportation-de-pneus-automobiles-usages\/#primaryimage"},"image":{"@id":"https:\/\/www.siba.nl\/fr\/exportation-de-pneus-automobiles-usages\/#primaryimage"},"thumbnailUrl":"https:\/\/www.siba.nl\/wp-content\/uploads\/2018\/08\/P1010378-1024x768.jpg","datePublished":"2018-07-07T09:43:46+00:00","dateModified":"2022-12-12T20:01:50+00:00","breadcrumb":{"@id":"https:\/\/www.siba.nl\/fr\/exportation-de-pneus-automobiles-usages\/#breadcrumb"},"inLanguage":"fr-FR","potentialAction":[{"@type":"ReadAction","target":["https:\/\/www.siba.nl\/fr\/exportation-de-pneus-automobiles-usages\/"]}]},{"@type":"ImageObject","inLanguage":"fr-FR","@id":"https:\/\/www.siba.nl\/fr\/exportation-de-pneus-automobiles-usages\/#primaryimage","url":"https:\/\/www.siba.nl\/wp-content\/uploads\/2018\/08\/P1010378-1024x768.jpg","contentUrl":"https:\/\/www.siba.nl\/wp-content\/uploads\/2018\/08\/P1010378-1024x768.jpg"},{"@type":"BreadcrumbList","@id":"https:\/\/www.siba.nl\/fr\/exportation-de-pneus-automobiles-usages\/#breadcrumb","itemListElement":[{"@type":"ListItem","position":1,"name":"Home","item":"https:\/\/www.siba.nl\/fr\/"},{"@type":"ListItem","position":2,"name":"Exportation de\u00a0pneus automobiles usag\u00e9s"}]},{"@type":"WebSite","@id":"https:\/\/www.siba.nl\/fr\/#website","url":"https:\/\/www.siba.nl\/fr\/","name":"Siba Autobanden","description":"","potentialAction":[{"@type":"SearchAction","target":{"@type":"EntryPoint","urlTemplate":"https:\/\/www.siba.nl\/fr\/?s={search_term_string}"},"query-input":{"@type":"PropertyValueSpecification","valueRequired":true,"valueName":"search_term_string"}}],"inLanguage":"fr-FR"}]}},"_links":{"self":[{"href":"https:\/\/www.siba.nl\/fr\/wp-json\/wp\/v2\/pages\/557","targetHints":{"allow":["GET"]}}],"collection":[{"href":"https:\/\/www.siba.nl\/fr\/wp-json\/wp\/v2\/pages"}],"about":[{"href":"https:\/\/www.siba.nl\/fr\/wp-json\/wp\/v2\/types\/page"}],"author":[{"embeddable":true,"href":"https:\/\/www.siba.nl\/fr\/wp-json\/wp\/v2\/users\/1"}],"replies":[{"embeddable":true,"href":"https:\/\/www.siba.nl\/fr\/wp-json\/wp\/v2\/comments?post=557"}],"version-history":[{"count":6,"href":"https:\/\/www.siba.nl\/fr\/wp-json\/wp\/v2\/pages\/557\/revisions"}],"predecessor-version":[{"id":2145,"href":"https:\/\/www.siba.nl\/fr\/wp-json\/wp\/v2\/pages\/557\/revisions\/2145"}],"wp:attachment":[{"href":"https:\/\/www.siba.nl\/fr\/wp-json\/wp\/v2\/media?parent=557"}],"curies":[{"name":"wp","href":"https:\/\/api.w.org\/{rel}","templated":true}]}}